{"id":29,"date":"2024-07-25T18:55:11","date_gmt":"2024-07-25T18:55:11","guid":{"rendered":"https:\/\/heartofhopepodcast.com\/?page_id=29"},"modified":"2025-06-30T17:01:47","modified_gmt":"2025-06-30T17:01:47","slug":"contact","status":"publish","type":"page","link":"https:\/\/heartofhopepodcast.com\/pt\/contact\/","title":{"rendered":"Contato"},"content":{"rendered":"<p>Quer inspirar seu p\u00fablico com uma hist\u00f3ria poderosa de sobreviv\u00eancia, resili\u00eancia e esperan\u00e7a?\nJana Bonassi est\u00e1 dispon\u00edvel para palestras, entrevistas em podcasts, colabora\u00e7\u00f5es e participa\u00e7\u00f5es em eventos. Seja compartilhando sua jornada transformadora \u2014 da parada card\u00edaca \u00e0 atua\u00e7\u00e3o como defensora da sa\u00fade \u2014 ou abordando a miss\u00e3o do Heart of Hope, Jana transmite uma mensagem que toca, empodera e inspira.<\/p>\n\n\n\n<p>Vamos nos conectar e causar um impacto juntos.<br>Entre em contato com Jana para agendar sua pr\u00f3xima palestra, entrevista ou colabora\u00e7\u00e3o.<\/p>\n\n\n<div class=\"wpforms-container wpforms-container-full wpforms-block wpforms-block-d744be4a-ce69-4f99-bb94-7bb8c99863b3 wpforms-render-modern\" id=\"wpforms-56\"><form id=\"wpforms-form-56\" class=\"wpforms-validate wpforms-form wpforms-ajax-form\" data-formid=\"56\" method=\"post\" enctype=\"multipart\/form-data\" action=\"\/pt\/wp-json\/wp\/v2\/pages\/29\" data-token=\"194af6119f64803e3dc25c87bae8543c\" data-token-time=\"1776361519\" data-trp-original-action=\"\/pt\/wp-json\/wp\/v2\/pages\/29\"><noscript class=\"wpforms-error-noscript\">Ative o JavaScript no seu navegador para preencher este formul\u00e1rio.<\/noscript><div class=\"wpforms-hidden\" id=\"wpforms-error-noscript\">Ative o JavaScript no seu navegador para preencher este formul\u00e1rio.<\/div><div class=\"wpforms-field-container\"><div id=\"wpforms-56-field_0-container\" class=\"wpforms-field wpforms-field-name\" data-field-id=\"0\"><fieldset><legend class=\"wpforms-field-label\">Nome <span class=\"wpforms-required-label\" aria-hidden=\"true\">*<\/span><\/legend><div class=\"wpforms-field-row wpforms-field-medium\"><div class=\"wpforms-field-row-block wpforms-first wpforms-one-half\"><input type=\"text\" id=\"wpforms-56-field_0\" class=\"wpforms-field-name-first wpforms-field-required\" name=\"wpforms[fields][0][first]\" aria-errormessage=\"wpforms-56-field_0-error\" required><label for=\"wpforms-56-field_0\" class=\"wpforms-field-sublabel after\">Nome<\/label><\/div><div class=\"wpforms-field-row-block wpforms-one-half\"><input type=\"text\" id=\"wpforms-56-field_0-last\" class=\"wpforms-field-name-last wpforms-field-required\" name=\"wpforms[fields][0][last]\" aria-errormessage=\"wpforms-56-field_0-last-error\" required><label for=\"wpforms-56-field_0-last\" class=\"wpforms-field-sublabel after\">Sobrenome<\/label><\/div><\/div><\/fieldset><\/div><div id=\"wpforms-56-field_1-container\" class=\"wpforms-field wpforms-field-email\" data-field-id=\"1\"><label class=\"wpforms-field-label\" for=\"wpforms-56-field_1\">Email <span class=\"wpforms-required-label\" aria-hidden=\"true\">*<\/span><\/label><input type=\"email\" id=\"wpforms-56-field_1\" class=\"wpforms-field-medium wpforms-field-required\" name=\"wpforms[fields][1]\" spellcheck=\"false\" aria-errormessage=\"wpforms-56-field_1-error\" required><\/div><div id=\"wpforms-56-field_2-container\" class=\"wpforms-field wpforms-field-textarea\" data-field-id=\"2\"><label class=\"wpforms-field-label\" for=\"wpforms-56-field_2\">Comentario ou Mensage<\/label><textarea id=\"wpforms-56-field_2\" class=\"wpforms-field-medium\" name=\"wpforms[fields][2]\" aria-errormessage=\"wpforms-56-field_2-error\" ><\/textarea><\/div><\/div><!-- .wpforms-field-container --><div class=\"wpforms-submit-container\" ><input type=\"hidden\" name=\"wpforms[id]\" value=\"56\"><input type=\"hidden\" name=\"page_title\" value=\"\"><input type=\"hidden\" name=\"page_url\" value=\"https:\/\/heartofhopepodcast.com\/pt\/wp-json\/wp\/v2\/pages\/29\"><input type=\"hidden\" name=\"url_referer\" value=\"\"><button type=\"submit\" name=\"wpforms[submit]\" id=\"wpforms-submit-56\" class=\"wpforms-submit\" data-alt-text=\"Sending...\" data-submit-text=\"Submit\" aria-live=\"assertive\" value=\"wpforms-submit\">Enviar<\/button><img loading=\"lazy\" decoding=\"async\" src=\"https:\/\/heartofhopepodcast.com\/wp-content\/plugins\/wpforms-lite\/assets\/images\/submit-spin.svg\" class=\"wpforms-submit-spinner\" style=\"display: none;\" width=\"26\" height=\"26\" alt=\"Carregando\"><\/div><input type=\"hidden\" name=\"trp-form-language\" value=\"pt\"\/><\/form><\/div>  <!-- .wpforms-container -->\n\n\n<div class=\"wp-block-group alignwide has-global-padding is-layout-constrained wp-block-group-is-layout-constrained\" style=\"padding-top:var(--wp--preset--spacing--50);padding-bottom:var(--wp--preset--spacing--50)\">\n<div class=\"wp-block-columns alignwide is-layout-flex wp-container-core-columns-is-layout-28f84493 wp-block-columns-is-layout-flex\">\n<div class=\"wp-block-column is-layout-flow wp-block-column-is-layout-flow\" style=\"flex-basis:30%\">\n<div class=\"wp-block-group is-vertical is-layout-flex wp-container-core-group-is-layout-fe9cc265 wp-block-group-is-layout-flex\"><div class=\"wp-block-site-logo\"><a href=\"https:\/\/heartofhopepodcast.com\/pt\/\" class=\"custom-logo-link\" rel=\"home\"><img loading=\"lazy\" decoding=\"async\" width=\"20\" height=\"20\" src=\"https:\/\/heartofhopepodcast.com\/wp-content\/uploads\/2024\/07\/cropped-Heart-of-Hope-Logo-2-1.png\" class=\"custom-logo\" alt=\"Heart of Hope Podcast\" srcset=\"https:\/\/heartofhopepodcast.com\/wp-content\/uploads\/2024\/07\/cropped-Heart-of-Hope-Logo-2-1.png 240w, https:\/\/heartofhopepodcast.com\/wp-content\/uploads\/2024\/07\/cropped-Heart-of-Hope-Logo-2-1-150x150.png 150w\" sizes=\"auto, (max-width: 20px) 100vw, 20px\" \/><\/a><\/div>\n\n<p class=\"wp-block-site-title has-medium-font-size\"><a href=\"https:\/\/heartofhopepodcast.com\/pt\" target=\"_self\" rel=\"home\">Podcast Heart of Hope<\/a><\/p>\n\n<p class=\"wp-block-site-tagline has-small-font-size\">Podcast de Jana Bonassi - Sobrevivente de Parada Cardiaca, Autora de livro e Ativista da Sa\u00fade<\/p><\/div>\n<\/div>\n\n\n\n<div class=\"wp-block-column is-layout-flow wp-block-column-is-layout-flow\" style=\"flex-basis:20%\"><\/div>\n\n\n\n<div class=\"wp-block-column is-layout-flow wp-block-column-is-layout-flow\" style=\"flex-basis:50%\">\n<div class=\"wp-block-group is-content-justification-space-between is-layout-flex wp-container-core-group-is-layout-e5edad21 wp-block-group-is-layout-flex\">\n<div class=\"wp-block-group is-vertical is-content-justification-stretch is-layout-flex wp-container-core-group-is-layout-353c4f5a wp-block-group-is-layout-flex\">\n<h2 class=\"wp-block-heading has-medium-font-size has-body-font-family\" style=\"font-style:normal;font-weight:600\">Sobre mim<\/h2>\n\n\n\n<div class=\"wp-block-group is-vertical is-layout-flex wp-container-core-group-is-layout-ea0cb840 wp-block-group-is-layout-flex\"><nav style=\"font-style:normal;font-weight:400;\" class=\"has-small-font-size  is-vertical wp-block-navigation is-layout-flex wp-container-core-navigation-is-layout-ea0cb840 wp-block-navigation-is-layout-flex\" aria-label=\"Navigation 3\"><ul style=\"font-style:normal;font-weight:400;\" class=\"wp-block-navigation__container has-small-font-size  is-vertical wp-block-navigation has-small-font-size\"><li class=\"has-small-font-size wp-block-navigation-item wp-block-navigation-link\"><a class=\"wp-block-navigation-item__content\"  href=\"https:\/\/heartofhopepodcast.com\/pt\/about\/\"><span class=\"wp-block-navigation-item__label\">Sobre mim<\/span><\/a><\/li><li class=\"has-small-font-size wp-block-navigation-item wp-block-navigation-link\"><a class=\"wp-block-navigation-item__content\"  href=\"https:\/\/heartofhopepodcast.com\/pt\/subscribe_en\/\"><span class=\"wp-block-navigation-item__label\">Inscreva-se<\/span><\/a><\/li><\/ul><\/nav><\/div>\n<\/div>\n\n\n\n<div class=\"wp-block-group is-vertical is-content-justification-stretch is-layout-flex wp-container-core-group-is-layout-353c4f5a wp-block-group-is-layout-flex\">\n<h2 class=\"wp-block-heading has-medium-font-size has-body-font-family\" style=\"font-style:normal;font-weight:600\">Privacidade<\/h2>\n\n\n\n<div class=\"wp-block-group is-vertical is-layout-flex wp-container-core-group-is-layout-ea0cb840 wp-block-group-is-layout-flex\"><nav style=\"font-style:normal;font-weight:400;\" class=\"has-small-font-size  is-vertical wp-block-navigation is-layout-flex wp-container-core-navigation-is-layout-ea0cb840 wp-block-navigation-is-layout-flex\" aria-label=\"Navigation 7\"><ul style=\"font-style:normal;font-weight:400;\" class=\"wp-block-navigation__container has-small-font-size  is-vertical wp-block-navigation has-small-font-size\"><li class=\"has-small-font-size wp-block-navigation-item wp-block-navigation-link\"><a class=\"wp-block-navigation-item__content\"  href=\"https:\/\/heartofhopepodcast.com\/pt\/privacy-policy-2\/\"><span class=\"wp-block-navigation-item__label\">Politica de Privacidade<\/span><\/a><\/li><li class=\"has-small-font-size wp-block-navigation-item wp-block-navigation-link\"><a class=\"wp-block-navigation-item__content\"  href=\"https:\/\/heartofhopepodcast.com\/pt\/terms-and-conditions\/\"><span class=\"wp-block-navigation-item__label\">Termos e Condi\u00e7\u00f5es<\/span><\/a><\/li><li class=\"has-small-font-size wp-block-navigation-item wp-block-navigation-link\"><a class=\"wp-block-navigation-item__content\"  href=\"https:\/\/heartofhopepodcast.com\/pt\/contact\/\"><span class=\"wp-block-navigation-item__label\">Contate-nos<\/span><\/a><\/li><\/ul><\/nav><\/div>\n<\/div>\n\n\n\n<div class=\"wp-block-group is-vertical is-content-justification-stretch is-layout-flex wp-container-core-group-is-layout-353c4f5a wp-block-group-is-layout-flex\">\n<h2 class=\"wp-block-heading has-medium-font-size has-body-font-family\" style=\"font-style:normal;font-weight:600\">Social<\/h2>\n\n\n\n<div class=\"wp-block-group is-vertical is-layout-flex wp-container-core-group-is-layout-ea0cb840 wp-block-group-is-layout-flex\"><nav style=\"font-style:normal;font-weight:400;\" class=\"has-small-font-size  is-vertical wp-block-navigation is-layout-flex wp-container-core-navigation-is-layout-ea0cb840 wp-block-navigation-is-layout-flex\" aria-label=\"Navigation 4\"><ul style=\"font-style:normal;font-weight:400;\" class=\"wp-block-navigation__container has-small-font-size  is-vertical wp-block-navigation has-small-font-size\"><li class=\"wp-block-navigation-item\">\n<ul class=\"wp-block-social-links is-layout-flex wp-block-social-links-is-layout-flex\"><li class=\"wp-social-link wp-social-link-instagram  wp-block-social-link\"><a href=\"https:\/\/www.instagram.com\/jana_bonassi?utm_source=ig_web_button_share_sheet&#038;igsh=ZDNlZDc0MzIxNw==\" class=\"wp-block-social-link-anchor\"><svg width=\"24\" height=\"24\" viewbox=\"0 0 24 24\" version=\"1.1\" xmlns=\"http:\/\/www.w3.org\/2000\/svg\" aria-hidden=\"true\" focusable=\"false\"><path d=\"M12,4.622c2.403,0,2.688,0.009,3.637,0.052c0.877,0.04,1.354,0.187,1.671,0.31c0.42,0.163,0.72,0.358,1.035,0.673 c0.315,0.315,0.51,0.615,0.673,1.035c0.123,0.317,0.27,0.794,0.31,1.671c0.043,0.949,0.052,1.234,0.052,3.637 s-0.009,2.688-0.052,3.637c-0.04,0.877-0.187,1.354-0.31,1.671c-0.163,0.42-0.358,0.72-0.673,1.035 c-0.315,0.315-0.615,0.51-1.035,0.673c-0.317,0.123-0.794,0.27-1.671,0.31c-0.949,0.043-1.233,0.052-3.637,0.052 s-2.688-0.009-3.637-0.052c-0.877-0.04-1.354-0.187-1.671-0.31c-0.42-0.163-0.72-0.358-1.035-0.673 c-0.315-0.315-0.51-0.615-0.673-1.035c-0.123-0.317-0.27-0.794-0.31-1.671C4.631,14.688,4.622,14.403,4.622,12 s0.009-2.688,0.052-3.637c0.04-0.877,0.187-1.354,0.31-1.671c0.163-0.42,0.358-0.72,0.673-1.035 c0.315-0.315,0.615-0.51,1.035-0.673c0.317-0.123,0.794-0.27,1.671-0.31C9.312,4.631,9.597,4.622,12,4.622 M12,3 C9.556,3,9.249,3.01,8.289,3.054C7.331,3.098,6.677,3.25,6.105,3.472C5.513,3.702,5.011,4.01,4.511,4.511 c-0.5,0.5-0.808,1.002-1.038,1.594C3.25,6.677,3.098,7.331,3.054,8.289C3.01,9.249,3,9.556,3,12c0,2.444,0.01,2.751,0.054,3.711 c0.044,0.958,0.196,1.612,0.418,2.185c0.23,0.592,0.538,1.094,1.038,1.594c0.5,0.5,1.002,0.808,1.594,1.038 c0.572,0.222,1.227,0.375,2.185,0.418C9.249,20.99,9.556,21,12,21s2.751-0.01,3.711-0.054c0.958-0.044,1.612-0.196,2.185-0.418 c0.592-0.23,1.094-0.538,1.594-1.038c0.5-0.5,0.808-1.002,1.038-1.594c0.222-0.572,0.375-1.227,0.418-2.185 C20.99,14.751,21,14.444,21,12s-0.01-2.751-0.054-3.711c-0.044-0.958-0.196-1.612-0.418-2.185c-0.23-0.592-0.538-1.094-1.038-1.594 c-0.5-0.5-1.002-0.808-1.594-1.038c-0.572-0.222-1.227-0.375-2.185-0.418C14.751,3.01,14.444,3,12,3L12,3z M12,7.378 c-2.552,0-4.622,2.069-4.622,4.622S9.448,16.622,12,16.622s4.622-2.069,4.622-4.622S14.552,7.378,12,7.378z M12,15 c-1.657,0-3-1.343-3-3s1.343-3,3-3s3,1.343,3,3S13.657,15,12,15z M16.804,6.116c-0.596,0-1.08,0.484-1.08,1.08 s0.484,1.08,1.08,1.08c0.596,0,1.08-0.484,1.08-1.08S17.401,6.116,16.804,6.116z\"><\/path><\/svg><span class=\"wp-block-social-link-label screen-reader-text\">Instagram<\/span><\/a><\/li>\n\n<li class=\"wp-social-link wp-social-link-youtube  wp-block-social-link\"><a href=\"https:\/\/youtube.com\/@jana_bonassi?si=5HCXBhXpPS65HP0F\" class=\"wp-block-social-link-anchor\"><svg width=\"24\" height=\"24\" viewbox=\"0 0 24 24\" version=\"1.1\" xmlns=\"http:\/\/www.w3.org\/2000\/svg\" aria-hidden=\"true\" focusable=\"false\"><path d=\"M21.8,8.001c0,0-0.195-1.378-0.795-1.985c-0.76-0.797-1.613-0.801-2.004-0.847c-2.799-0.202-6.997-0.202-6.997-0.202 h-0.009c0,0-4.198,0-6.997,0.202C4.608,5.216,3.756,5.22,2.995,6.016C2.395,6.623,2.2,8.001,2.2,8.001S2,9.62,2,11.238v1.517 c0,1.618,0.2,3.237,0.2,3.237s0.195,1.378,0.795,1.985c0.761,0.797,1.76,0.771,2.205,0.855c1.6,0.153,6.8,0.201,6.8,0.201 s4.203-0.006,7.001-0.209c0.391-0.047,1.243-0.051,2.004-0.847c0.6-0.607,0.795-1.985,0.795-1.985s0.2-1.618,0.2-3.237v-1.517 C22,9.62,21.8,8.001,21.8,8.001z M9.935,14.594l-0.001-5.62l5.404,2.82L9.935,14.594z\"><\/path><\/svg><span class=\"wp-block-social-link-label screen-reader-text\">YouTube<\/span><\/a><\/li><\/ul>\n<\/li><\/ul><\/nav><\/div>\n<\/div>\n<\/div>\n<\/div>\n<\/div>\n\n\n\n<div class=\"wp-block-group alignwide is-layout-flow wp-block-group-is-layout-flow\" style=\"padding-top:var(--wp--preset--spacing--50);padding-bottom:0\">\n<p class=\"has-contrast-2-color has-text-color has-link-color has-small-font-size wp-elements-fb1dc8a358d6c5ee50b4614eb09d35bb\">\n\t\tDesigned with <a href=\"https:\/\/wordpress.org\" rel=\"nofollow\">WordPress<\/a>\t\t<\/p>\n<\/div>\n<\/div>","protected":false},"excerpt":{"rendered":"<p>Looking to inspire your audience with a powerful story of survival, resilience, and hope? Jana Bonassi is available for speaking engagements, podcast interviews, collaborations, and event appearances. Whether it\u2019s sharing her transformative journey from cardiac arrest to advocacy or discussing the heart-centered mission behind Heart of Hope, Jana brings a message that resonates, empowers, and [&hellip;]<\/p>","protected":false},"author":1,"featured_media":48,"parent":0,"menu_order":0,"comment_status":"closed","ping_status":"closed","template":"","meta":{"_monsterinsights_skip_tracking":false,"_monsterinsights_sitenote_active":false,"_monsterinsights_sitenote_note":"","_monsterinsights_sitenote_category":0,"footnotes":""},"class_list":["post-29","page","type-page","status-publish","has-post-thumbnail","hentry"],"aioseo_notices":[],"_links":{"self":[{"href":"https:\/\/heartofhopepodcast.com\/pt\/wp-json\/wp\/v2\/pages\/29","targetHints":{"allow":["GET"]}}],"collection":[{"href":"https:\/\/heartofhopepodcast.com\/pt\/wp-json\/wp\/v2\/pages"}],"about":[{"href":"https:\/\/heartofhopepodcast.com\/pt\/wp-json\/wp\/v2\/types\/page"}],"author":[{"embeddable":true,"href":"https:\/\/heartofhopepodcast.com\/pt\/wp-json\/wp\/v2\/users\/1"}],"replies":[{"embeddable":true,"href":"https:\/\/heartofhopepodcast.com\/pt\/wp-json\/wp\/v2\/comments?post=29"}],"version-history":[{"count":5,"href":"https:\/\/heartofhopepodcast.com\/pt\/wp-json\/wp\/v2\/pages\/29\/revisions"}],"predecessor-version":[{"id":235,"href":"https:\/\/heartofhopepodcast.com\/pt\/wp-json\/wp\/v2\/pages\/29\/revisions\/235"}],"wp:featuredmedia":[{"embeddable":true,"href":"https:\/\/heartofhopepodcast.com\/pt\/wp-json\/wp\/v2\/media\/48"}],"wp:attachment":[{"href":"https:\/\/heartofhopepodcast.com\/pt\/wp-json\/wp\/v2\/media?parent=29"}],"curies":[{"name":"wp","href":"https:\/\/api.w.org\/{rel}","templated":true}]}}