{"id":105,"date":"2025-05-17T17:26:11","date_gmt":"2025-05-17T17:26:11","guid":{"rendered":"https:\/\/heartofhopepodcast.com\/?page_id=105"},"modified":"2025-06-30T16:58:55","modified_gmt":"2025-06-30T16:58:55","slug":"book","status":"publish","type":"page","link":"https:\/\/heartofhopepodcast.com\/pt\/book\/","title":{"rendered":"Cora\u00e7\u00e3o de Esperan\u00e7a - Disponivel Agora!"},"content":{"rendered":"<figure class=\"wp-block-gallery has-nested-images columns-default is-cropped wp-block-gallery-1 is-layout-flex wp-block-gallery-is-layout-flex\">\n<figure class=\"wp-block-image size-large is-style-default\"><img loading=\"lazy\" decoding=\"async\" width=\"683\" height=\"1024\" data-id=\"107\" src=\"https:\/\/heartofhopepodcast.com\/wp-content\/uploads\/2025\/05\/73FBEF83-E8AE-4D14-ADFE-4F1032BB7D46_1_105_c-683x1024.jpeg\" alt=\"\" class=\"wp-image-107\" srcset=\"https:\/\/heartofhopepodcast.com\/wp-content\/uploads\/2025\/05\/73FBEF83-E8AE-4D14-ADFE-4F1032BB7D46_1_105_c-683x1024.jpeg 683w, https:\/\/heartofhopepodcast.com\/wp-content\/uploads\/2025\/05\/73FBEF83-E8AE-4D14-ADFE-4F1032BB7D46_1_105_c-200x300.jpeg 200w, https:\/\/heartofhopepodcast.com\/wp-content\/uploads\/2025\/05\/73FBEF83-E8AE-4D14-ADFE-4F1032BB7D46_1_105_c.jpeg 724w\" sizes=\"auto, (max-width: 683px) 100vw, 683px\" \/><\/figure>\n\n\n\n<figure class=\"wp-block-image size-large\"><img loading=\"lazy\" decoding=\"async\" width=\"683\" height=\"1024\" data-id=\"109\" src=\"https:\/\/heartofhopepodcast.com\/wp-content\/uploads\/2025\/05\/14407AE8-4F8D-43D4-9949-5A79F127D1E5_1_105_c-683x1024.jpeg\" alt=\"\" class=\"wp-image-109\" srcset=\"https:\/\/heartofhopepodcast.com\/wp-content\/uploads\/2025\/05\/14407AE8-4F8D-43D4-9949-5A79F127D1E5_1_105_c-683x1024.jpeg 683w, https:\/\/heartofhopepodcast.com\/wp-content\/uploads\/2025\/05\/14407AE8-4F8D-43D4-9949-5A79F127D1E5_1_105_c-200x300.jpeg 200w, https:\/\/heartofhopepodcast.com\/wp-content\/uploads\/2025\/05\/14407AE8-4F8D-43D4-9949-5A79F127D1E5_1_105_c.jpeg 724w\" sizes=\"auto, (max-width: 683px) 100vw, 683px\" \/><\/figure>\n\n\n\n<figure class=\"wp-block-image size-large\"><img loading=\"lazy\" decoding=\"async\" width=\"1024\" height=\"683\" data-id=\"110\" src=\"https:\/\/heartofhopepodcast.com\/wp-content\/uploads\/2025\/05\/3E93E8D1-1532-4FEE-A5EB-867CDE915739_1_105_c-1024x683.jpeg\" alt=\"\" class=\"wp-image-110\" srcset=\"https:\/\/heartofhopepodcast.com\/wp-content\/uploads\/2025\/05\/3E93E8D1-1532-4FEE-A5EB-867CDE915739_1_105_c-1024x683.jpeg 1024w, https:\/\/heartofhopepodcast.com\/wp-content\/uploads\/2025\/05\/3E93E8D1-1532-4FEE-A5EB-867CDE915739_1_105_c-300x200.jpeg 300w, https:\/\/heartofhopepodcast.com\/wp-content\/uploads\/2025\/05\/3E93E8D1-1532-4FEE-A5EB-867CDE915739_1_105_c-768x512.jpeg 768w, https:\/\/heartofhopepodcast.com\/wp-content\/uploads\/2025\/05\/3E93E8D1-1532-4FEE-A5EB-867CDE915739_1_105_c.jpeg 1086w\" sizes=\"auto, (max-width: 1024px) 100vw, 1024px\" \/><\/figure>\n\n\n\n<figure class=\"wp-block-image size-large\"><img loading=\"lazy\" decoding=\"async\" width=\"683\" height=\"1024\" data-id=\"108\" src=\"https:\/\/heartofhopepodcast.com\/wp-content\/uploads\/2025\/05\/9E3FD846-4503-4E51-8845-77000AF53FB8_1_105_c-683x1024.jpeg\" alt=\"\" class=\"wp-image-108\" srcset=\"https:\/\/heartofhopepodcast.com\/wp-content\/uploads\/2025\/05\/9E3FD846-4503-4E51-8845-77000AF53FB8_1_105_c-683x1024.jpeg 683w, https:\/\/heartofhopepodcast.com\/wp-content\/uploads\/2025\/05\/9E3FD846-4503-4E51-8845-77000AF53FB8_1_105_c-200x300.jpeg 200w, https:\/\/heartofhopepodcast.com\/wp-content\/uploads\/2025\/05\/9E3FD846-4503-4E51-8845-77000AF53FB8_1_105_c.jpeg 724w\" sizes=\"auto, (max-width: 683px) 100vw, 683px\" \/><\/figure>\n\n\n\n<figure class=\"wp-block-image size-large\"><img loading=\"lazy\" decoding=\"async\" width=\"683\" height=\"1024\" data-id=\"111\" src=\"https:\/\/heartofhopepodcast.com\/wp-content\/uploads\/2025\/05\/D58FB190-4DDB-4775-AC23-BD7191C4BF81_1_105_c-683x1024.jpeg\" alt=\"\" class=\"wp-image-111\" srcset=\"https:\/\/heartofhopepodcast.com\/wp-content\/uploads\/2025\/05\/D58FB190-4DDB-4775-AC23-BD7191C4BF81_1_105_c-683x1024.jpeg 683w, https:\/\/heartofhopepodcast.com\/wp-content\/uploads\/2025\/05\/D58FB190-4DDB-4775-AC23-BD7191C4BF81_1_105_c-200x300.jpeg 200w, https:\/\/heartofhopepodcast.com\/wp-content\/uploads\/2025\/05\/D58FB190-4DDB-4775-AC23-BD7191C4BF81_1_105_c.jpeg 724w\" sizes=\"auto, (max-width: 683px) 100vw, 683px\" \/><\/figure>\n<\/figure>\n\n\n\n<blockquote class=\"wp-block-quote is-layout-flow wp-block-quote-is-layout-flow\">\n<p>\u201cE se o momento que quase acabou com sua vida... fosse o exato momento que te deu um novo significado?\"<\/p>\n<\/blockquote>\n\n\n\n<p>\ud83c\udf1f <strong>O Momento Chegou - Cora\u00e7\u00e3o de Esperan\u00e7a Esta Aqui!<\/strong> \ud83c\udf1f<\/p>\n\n\n\n<p>Estou imensamente feliz em compartilhar que meu livro, <em>Cora\u00e7\u00e3o de Esperan\u00e7a<\/em>j\u00e1 est\u00e1 dispon\u00edvel para encomenda! Esta poderosa mem\u00f3ria vai al\u00e9m de uma hist\u00f3ria \u2013 \u00e9 um testemunho de sobreviv\u00eancia, resili\u00eancia e do poder inquebr\u00e1vel do amor.<\/p>\n\n\n\n<p>Dos momentos mais sombrios de uma parada card\u00edaca s\u00fabita \u00e0 jornada transformadora da recupera\u00e7\u00e3o, <em>Cora\u00e7\u00e3o de Esperan\u00e7a<\/em> \u00e9 uma hist\u00f3ria de f\u00e9, fam\u00edlia e de como encontrar um novo significado em cada batimento do cora\u00e7\u00e3o.<\/p>\n\n\n\n<p>\ud83d\udcd6 <strong>Encomende j\u00e1 o seu exemplar,<\/strong> e junte-se a mim na miss\u00e3o de espalhar uma mensagem de esperan\u00e7a, for\u00e7a e da import\u00e2ncia da sa\u00fade do cora\u00e7\u00e3o. Vamos fazer cada batida valer a pena!<\/p>\n\n\n\n<p>\u2728 <strong>Dispon\u00edvel em ingl\u00eas e portugu\u00eas<\/strong><br>\ud83d\udc96 <strong>Um presente para sua alma, uma mensagem para o seu cora\u00e7\u00e3o.<\/strong><\/p>\n\n\n\n<p><\/p>\n\n\n\n<h2 class=\"wp-block-heading\">Compre Agora!<\/h2>\n\n\n\n<div class=\"wp-block-buttons is-layout-flex wp-block-buttons-is-layout-flex\">\n<div class=\"wp-block-button\"><a class=\"wp-block-button__link wp-element-button\" href=\"https:\/\/www.amazon.com\/Corao-Esperana-Portuguese-Jana-Bonassi-ebook\/dp\/B0F7Z4N2T7\">Amazon.com<\/a><\/div>\n\n\n\n<div class=\"wp-block-button\"><a class=\"wp-block-button__link wp-element-button\" href=\"https:\/\/books.apple.com\/us\/book\/corao-de-esperana\/id6745742266\">Apple Books<\/a><\/div>\n<\/div>\n\n\n\n<figure class=\"wp-block-embed aligncenter is-type-rich is-provider-amazon wp-block-embed-amazon\"><div class=\"wp-block-embed__wrapper\">\n<iframe loading=\"lazy\" title=\"Cora\u00e7\u00e3o de Esperan\u00e7a\" type=\"text\/html\" width=\"500\" height=\"550\" frameborder=\"0\" allowfullscreen style=\"max-width:100%\" src=\"https:\/\/read.amazon.com\/kp\/card?preview=inline&#038;linkCode=kpd&#038;ref_=k4w_oembed_lS24OPGJlakRQJ&#038;asin=B0FB3ZW9H7&#038;tag=kpembed-20\"><\/iframe>\n<\/div><\/figure>\n\n\n<pre class=\"ti-widget\" style=\"display: none\"><template id=\"trustindex-amazon-widget-html\"><div class=\"ti-widget ti-amaz ti-show-rating-text ti-review-text-mode-readmore ti-content-align-center\" data-no-translation=\"true\" data-layout-id=\"37\" data-layout-category=\"slider\" data-set-id=\"light-background\" data-pid=\"\" data-language=\"en\" data-css-version=\"2\" data-review-text-mode=\"readmore\" data-reply-by-locale=\"Owner's reply\" data-pager-autoplay-timeout=\"6\" > <div class=\"ti-widget-container ti-col-1\"> <div class=\"ti-reviews-container\"> <div class=\"ti-controls\"> <div class=\"ti-next\" aria-label=\"Next review\" role=\"button\"><\/div> <div class=\"ti-prev\" aria-label=\"Previous review\" role=\"button\"><\/div> <\/div> <div class=\"ti-reviews-container-wrapper\">  <div data-empty=\"0\" class=\"ti-review-item source-Amazon ti-image-layout-thumbnail\" data-id=\"cfcd208495d565ef66e7dff9f98764da\" > <div class=\"ti-inner\"> <div class=\"ti-review-header\"> <trustindex-image class=\"ti-platform-icon\" data-imgurl=\"https:\/\/cdn.trustindex.io\/assets\/platform\/Amazon\/icon.svg\" alt=\"Amazon\" width=\"20\" height=\"20\" loading=\"lazy\" ><\/trustindex-image> <div class=\"ti-profile-img\"> <trustindex-image data-imgurl=\"https:\/\/m.media-amazon.com\/images\/S\/amazon-avatars-global\/9310fdcc-f17c-4bfd-b349-fd51ce4551ca._CR00500500_SX460_.jpg\" data-imgurlset=\"https:\/\/m.media-amazon.com\/images\/S\/amazon-avatars-global\/9310fdcc-f17c-4bfd-b349-fd51ce4551ca._CR00500500_SX460_.jpg 2x\" alt=\"Fernando M. profile picture\" loading=\"lazy\" ><\/trustindex-image> <\/div> <div class=\"ti-profile-details\"> <div class=\"ti-name\"> Fernando M. <\/div> <div class=\"ti-date\">31 May 2025<\/div> <\/div> <\/div> <span class=\"ti-stars\"><trustindex-image class=\"ti-star\" data-imgurl=\"https:\/\/cdn.trustindex.io\/assets\/platform\/Amazon\/star\/f.svg\" alt=\"Amazon\" width=\"17\" height=\"17\" loading=\"lazy\" ><\/trustindex-image><trustindex-image class=\"ti-star\" data-imgurl=\"https:\/\/cdn.trustindex.io\/assets\/platform\/Amazon\/star\/f.svg\" alt=\"Amazon\" width=\"17\" height=\"17\" loading=\"lazy\" ><\/trustindex-image><trustindex-image class=\"ti-star\" data-imgurl=\"https:\/\/cdn.trustindex.io\/assets\/platform\/Amazon\/star\/f.svg\" alt=\"Amazon\" width=\"17\" height=\"17\" loading=\"lazy\" ><\/trustindex-image><trustindex-image class=\"ti-star\" data-imgurl=\"https:\/\/cdn.trustindex.io\/assets\/platform\/Amazon\/star\/f.svg\" alt=\"Amazon\" width=\"17\" height=\"17\" loading=\"lazy\" ><\/trustindex-image><trustindex-image class=\"ti-star\" data-imgurl=\"https:\/\/cdn.trustindex.io\/assets\/platform\/Amazon\/star\/f.svg\" alt=\"Amazon\" width=\"17\" height=\"17\" loading=\"lazy\" ><\/trustindex-image><span class=\"ti-verified-review\"><span class=\"ti-verified-tooltip\">Verified<\/span><\/span><\/span> <div class=\"ti-review-text-container ti-review-content\"><!-- R-CONTENT --><strong>A must read story of how science and faith can save your life.<\/strong>\nHeart of Hope tells us not just one story but several from different perspectives. In itself it shows us how to overcome fear, how to love, how to stand together and how to fight and most importantly have faith.It is informative and it brings awareness to a subject that we can all fall victim to but never stop to think about it.What I loved about this book is that tells us a story of a survivor but it\u2019s also a love story, and a story of unity in both faith and science.For married couples it teaches you to look back in your relationship and cherish moments.I encourage you to not only read this book but follow through with the suggestions given to you within these chapters, for not only it can change your life but it can also save your life.<!-- R-CONTENT --><\/div> <span class=\"ti-read-more\" data-container=\".ti-review-content\" data-collapse-text=\"Hide\" data-open-text=\"Read more\" ><\/span> <\/div> <\/div>  <div data-empty=\"0\" class=\"ti-review-item source-Amazon ti-image-layout-thumbnail\" data-id=\"cfcd208495d565ef66e7dff9f98764da\" > <div class=\"ti-inner\"> <div class=\"ti-review-header\"> <trustindex-image class=\"ti-platform-icon\" data-imgurl=\"https:\/\/cdn.trustindex.io\/assets\/platform\/Amazon\/icon.svg\" alt=\"Amazon\" width=\"20\" height=\"20\" loading=\"lazy\" ><\/trustindex-image> <div class=\"ti-profile-img\"> <trustindex-image data-imgurl=\"https:\/\/m.media-amazon.com\/images\/S\/amazon-avatars-global\/default.png\" data-imgurlset=\"https:\/\/m.media-amazon.com\/images\/S\/amazon-avatars-global\/default.png 2x\" alt=\"luana Buchalla profile picture\" loading=\"lazy\" ><\/trustindex-image> <\/div> <div class=\"ti-profile-details\"> <div class=\"ti-name\"> luana Buchalla <\/div> <div class=\"ti-date\">17 May 2025<\/div> <\/div> <\/div> <span class=\"ti-stars\"><trustindex-image class=\"ti-star\" data-imgurl=\"https:\/\/cdn.trustindex.io\/assets\/platform\/Amazon\/star\/f.svg\" alt=\"Amazon\" width=\"17\" height=\"17\" loading=\"lazy\" ><\/trustindex-image><trustindex-image class=\"ti-star\" data-imgurl=\"https:\/\/cdn.trustindex.io\/assets\/platform\/Amazon\/star\/f.svg\" alt=\"Amazon\" width=\"17\" height=\"17\" loading=\"lazy\" ><\/trustindex-image><trustindex-image class=\"ti-star\" data-imgurl=\"https:\/\/cdn.trustindex.io\/assets\/platform\/Amazon\/star\/f.svg\" alt=\"Amazon\" width=\"17\" height=\"17\" loading=\"lazy\" ><\/trustindex-image><trustindex-image class=\"ti-star\" data-imgurl=\"https:\/\/cdn.trustindex.io\/assets\/platform\/Amazon\/star\/f.svg\" alt=\"Amazon\" width=\"17\" height=\"17\" loading=\"lazy\" ><\/trustindex-image><trustindex-image class=\"ti-star\" data-imgurl=\"https:\/\/cdn.trustindex.io\/assets\/platform\/Amazon\/star\/f.svg\" alt=\"Amazon\" width=\"17\" height=\"17\" loading=\"lazy\" ><\/trustindex-image><span class=\"ti-verified-review\"><span class=\"ti-verified-tooltip\">Verified<\/span><\/span><\/span> <div class=\"ti-review-text-container ti-review-content\"><!-- R-CONTENT --><strong>Amazing story !!!!!<\/strong>\nHeartwarming true story!!! A must read book !! Truly inspiring story of survival and family . Definently worth reading and recommending to your friends , the importance of cpr and the power we have to help anyone in need , amazing !!!!!<!-- R-CONTENT --><\/div> <span class=\"ti-read-more\" data-container=\".ti-review-content\" data-collapse-text=\"Hide\" data-open-text=\"Read more\" ><\/span> <\/div> <\/div>  <\/div> <\/div> <div class=\"ti-controls-line\"> <div class=\"dot\"><\/div> <\/div> <div class=\"ti-footer\"> <div class=\"ti-rating-text\"> <span class=\"nowrap\"><strong>Amazon<\/strong> rating score: <\/span><span class=\"nowrap\"><strong>5.0<\/strong> of 5, <\/span><span class=\"nowrap\">based on <strong>2 reviews<\/strong><\/span> <\/div> <\/div>   <\/div> <\/div> <\/template><\/pre><div data-src=\"https:\/\/cdn.trustindex.io\/loader.js?wp-widget\" data-template-id=\"trustindex-amazon-widget-html\" data-css-url=\"https:\/\/heartofhopepodcast.com\/wp-content\/uploads\/trustindex-amazon-widget.css?1749567458\"><\/div>\n\n\n\n<div class=\"wp-block-group alignfull has-global-padding is-layout-constrained wp-block-group-is-layout-constrained\" style=\"padding-top:var(--wp--preset--spacing--50);padding-bottom:var(--wp--preset--spacing--50)\">\n<div class=\"wp-block-columns alignwide is-layout-flex wp-container-core-columns-is-layout-28f84493 wp-block-columns-is-layout-flex\">\n<div class=\"wp-block-column is-layout-flow wp-block-column-is-layout-flow\" style=\"flex-basis:30%\">\n<div class=\"wp-block-group is-vertical is-layout-flex wp-container-core-group-is-layout-fe9cc265 wp-block-group-is-layout-flex\"><div class=\"wp-block-site-logo\"><a href=\"https:\/\/heartofhopepodcast.com\/pt\/\" class=\"custom-logo-link\" rel=\"home\"><img loading=\"lazy\" decoding=\"async\" width=\"20\" height=\"20\" src=\"https:\/\/heartofhopepodcast.com\/wp-content\/uploads\/2024\/07\/cropped-Heart-of-Hope-Logo-2-1.png\" class=\"custom-logo\" alt=\"Heart of Hope Podcast\" srcset=\"https:\/\/heartofhopepodcast.com\/wp-content\/uploads\/2024\/07\/cropped-Heart-of-Hope-Logo-2-1.png 240w, https:\/\/heartofhopepodcast.com\/wp-content\/uploads\/2024\/07\/cropped-Heart-of-Hope-Logo-2-1-150x150.png 150w\" sizes=\"auto, (max-width: 20px) 100vw, 20px\" \/><\/a><\/div>\n\n<p class=\"wp-block-site-title has-medium-font-size\"><a href=\"https:\/\/heartofhopepodcast.com\/pt\" target=\"_self\" rel=\"home\">Podcast Heart of Hope<\/a><\/p>\n\n<p class=\"wp-block-site-tagline has-small-font-size\">Podcast de Jana Bonassi - Sobrevivente de Parada Cardiaca, Autora de livro e Ativista da Sa\u00fade<\/p><\/div>\n<\/div>\n\n\n\n<div class=\"wp-block-column is-layout-flow wp-block-column-is-layout-flow\" style=\"flex-basis:20%\"><\/div>\n\n\n\n<div class=\"wp-block-column is-layout-flow wp-block-column-is-layout-flow\" style=\"flex-basis:50%\">\n<div class=\"wp-block-group is-content-justification-space-between is-layout-flex wp-container-core-group-is-layout-e5edad21 wp-block-group-is-layout-flex\">\n<div class=\"wp-block-group is-vertical is-content-justification-stretch is-layout-flex wp-container-core-group-is-layout-353c4f5a wp-block-group-is-layout-flex\">\n<h2 class=\"wp-block-heading has-medium-font-size has-body-font-family\" style=\"font-style:normal;font-weight:600\">Sobre mim<\/h2>\n\n\n\n<div class=\"wp-block-group is-vertical is-layout-flex wp-container-core-group-is-layout-ea0cb840 wp-block-group-is-layout-flex\"><nav style=\"font-style:normal;font-weight:400;\" class=\"has-small-font-size  is-vertical wp-block-navigation is-layout-flex wp-container-core-navigation-is-layout-ea0cb840 wp-block-navigation-is-layout-flex\" aria-label=\"Navigation 3\"><ul style=\"font-style:normal;font-weight:400;\" class=\"wp-block-navigation__container has-small-font-size  is-vertical wp-block-navigation has-small-font-size\"><li class=\"has-small-font-size wp-block-navigation-item wp-block-navigation-link\"><a class=\"wp-block-navigation-item__content\"  href=\"https:\/\/heartofhopepodcast.com\/pt\/about\/\"><span class=\"wp-block-navigation-item__label\">Sobre mim<\/span><\/a><\/li><li class=\"has-small-font-size wp-block-navigation-item wp-block-navigation-link\"><a class=\"wp-block-navigation-item__content\"  href=\"https:\/\/heartofhopepodcast.com\/pt\/subscribe_en\/\"><span class=\"wp-block-navigation-item__label\">Inscreva-se<\/span><\/a><\/li><\/ul><\/nav><\/div>\n<\/div>\n\n\n\n<div class=\"wp-block-group is-vertical is-content-justification-stretch is-layout-flex wp-container-core-group-is-layout-353c4f5a wp-block-group-is-layout-flex\">\n<h2 class=\"wp-block-heading has-medium-font-size has-body-font-family\" style=\"font-style:normal;font-weight:600\">Privacidade<\/h2>\n\n\n\n<div class=\"wp-block-group is-vertical is-layout-flex wp-container-core-group-is-layout-ea0cb840 wp-block-group-is-layout-flex\"><nav style=\"font-style:normal;font-weight:400;\" class=\"has-small-font-size  is-vertical wp-block-navigation is-layout-flex wp-container-core-navigation-is-layout-ea0cb840 wp-block-navigation-is-layout-flex\" aria-label=\"Navigation 7\"><ul style=\"font-style:normal;font-weight:400;\" class=\"wp-block-navigation__container has-small-font-size  is-vertical wp-block-navigation has-small-font-size\"><li class=\"has-small-font-size wp-block-navigation-item wp-block-navigation-link\"><a class=\"wp-block-navigation-item__content\"  href=\"https:\/\/heartofhopepodcast.com\/pt\/privacy-policy-2\/\"><span class=\"wp-block-navigation-item__label\">Politica de Privacidade<\/span><\/a><\/li><li class=\"has-small-font-size wp-block-navigation-item wp-block-navigation-link\"><a class=\"wp-block-navigation-item__content\"  href=\"https:\/\/heartofhopepodcast.com\/pt\/terms-and-conditions\/\"><span class=\"wp-block-navigation-item__label\">Termos e Condi\u00e7\u00f5es<\/span><\/a><\/li><li class=\"has-small-font-size wp-block-navigation-item wp-block-navigation-link\"><a class=\"wp-block-navigation-item__content\"  href=\"https:\/\/heartofhopepodcast.com\/pt\/contact\/\"><span class=\"wp-block-navigation-item__label\">Contate-nos<\/span><\/a><\/li><\/ul><\/nav><\/div>\n<\/div>\n\n\n\n<div class=\"wp-block-group is-vertical is-content-justification-stretch is-layout-flex wp-container-core-group-is-layout-353c4f5a wp-block-group-is-layout-flex\">\n<h2 class=\"wp-block-heading has-medium-font-size has-body-font-family\" style=\"font-style:normal;font-weight:600\">Social<\/h2>\n\n\n\n<div class=\"wp-block-group is-vertical is-layout-flex wp-container-core-group-is-layout-ea0cb840 wp-block-group-is-layout-flex\"><nav style=\"font-style:normal;font-weight:400;\" class=\"has-small-font-size  is-vertical wp-block-navigation is-layout-flex wp-container-core-navigation-is-layout-ea0cb840 wp-block-navigation-is-layout-flex\" aria-label=\"Navigation 4\"><ul style=\"font-style:normal;font-weight:400;\" class=\"wp-block-navigation__container has-small-font-size  is-vertical wp-block-navigation has-small-font-size\"><li class=\"wp-block-navigation-item\">\n<ul class=\"wp-block-social-links is-layout-flex wp-block-social-links-is-layout-flex\"><li class=\"wp-social-link wp-social-link-instagram  wp-block-social-link\"><a href=\"https:\/\/www.instagram.com\/jana_bonassi?utm_source=ig_web_button_share_sheet&#038;igsh=ZDNlZDc0MzIxNw==\" class=\"wp-block-social-link-anchor\"><svg width=\"24\" height=\"24\" viewbox=\"0 0 24 24\" version=\"1.1\" xmlns=\"http:\/\/www.w3.org\/2000\/svg\" aria-hidden=\"true\" focusable=\"false\"><path d=\"M12,4.622c2.403,0,2.688,0.009,3.637,0.052c0.877,0.04,1.354,0.187,1.671,0.31c0.42,0.163,0.72,0.358,1.035,0.673 c0.315,0.315,0.51,0.615,0.673,1.035c0.123,0.317,0.27,0.794,0.31,1.671c0.043,0.949,0.052,1.234,0.052,3.637 s-0.009,2.688-0.052,3.637c-0.04,0.877-0.187,1.354-0.31,1.671c-0.163,0.42-0.358,0.72-0.673,1.035 c-0.315,0.315-0.615,0.51-1.035,0.673c-0.317,0.123-0.794,0.27-1.671,0.31c-0.949,0.043-1.233,0.052-3.637,0.052 s-2.688-0.009-3.637-0.052c-0.877-0.04-1.354-0.187-1.671-0.31c-0.42-0.163-0.72-0.358-1.035-0.673 c-0.315-0.315-0.51-0.615-0.673-1.035c-0.123-0.317-0.27-0.794-0.31-1.671C4.631,14.688,4.622,14.403,4.622,12 s0.009-2.688,0.052-3.637c0.04-0.877,0.187-1.354,0.31-1.671c0.163-0.42,0.358-0.72,0.673-1.035 c0.315-0.315,0.615-0.51,1.035-0.673c0.317-0.123,0.794-0.27,1.671-0.31C9.312,4.631,9.597,4.622,12,4.622 M12,3 C9.556,3,9.249,3.01,8.289,3.054C7.331,3.098,6.677,3.25,6.105,3.472C5.513,3.702,5.011,4.01,4.511,4.511 c-0.5,0.5-0.808,1.002-1.038,1.594C3.25,6.677,3.098,7.331,3.054,8.289C3.01,9.249,3,9.556,3,12c0,2.444,0.01,2.751,0.054,3.711 c0.044,0.958,0.196,1.612,0.418,2.185c0.23,0.592,0.538,1.094,1.038,1.594c0.5,0.5,1.002,0.808,1.594,1.038 c0.572,0.222,1.227,0.375,2.185,0.418C9.249,20.99,9.556,21,12,21s2.751-0.01,3.711-0.054c0.958-0.044,1.612-0.196,2.185-0.418 c0.592-0.23,1.094-0.538,1.594-1.038c0.5-0.5,0.808-1.002,1.038-1.594c0.222-0.572,0.375-1.227,0.418-2.185 C20.99,14.751,21,14.444,21,12s-0.01-2.751-0.054-3.711c-0.044-0.958-0.196-1.612-0.418-2.185c-0.23-0.592-0.538-1.094-1.038-1.594 c-0.5-0.5-1.002-0.808-1.594-1.038c-0.572-0.222-1.227-0.375-2.185-0.418C14.751,3.01,14.444,3,12,3L12,3z M12,7.378 c-2.552,0-4.622,2.069-4.622,4.622S9.448,16.622,12,16.622s4.622-2.069,4.622-4.622S14.552,7.378,12,7.378z M12,15 c-1.657,0-3-1.343-3-3s1.343-3,3-3s3,1.343,3,3S13.657,15,12,15z M16.804,6.116c-0.596,0-1.08,0.484-1.08,1.08 s0.484,1.08,1.08,1.08c0.596,0,1.08-0.484,1.08-1.08S17.401,6.116,16.804,6.116z\"><\/path><\/svg><span class=\"wp-block-social-link-label screen-reader-text\">Instagram<\/span><\/a><\/li>\n\n<li class=\"wp-social-link wp-social-link-youtube  wp-block-social-link\"><a href=\"https:\/\/youtube.com\/@jana_bonassi?si=5HCXBhXpPS65HP0F\" class=\"wp-block-social-link-anchor\"><svg width=\"24\" height=\"24\" viewbox=\"0 0 24 24\" version=\"1.1\" xmlns=\"http:\/\/www.w3.org\/2000\/svg\" aria-hidden=\"true\" focusable=\"false\"><path d=\"M21.8,8.001c0,0-0.195-1.378-0.795-1.985c-0.76-0.797-1.613-0.801-2.004-0.847c-2.799-0.202-6.997-0.202-6.997-0.202 h-0.009c0,0-4.198,0-6.997,0.202C4.608,5.216,3.756,5.22,2.995,6.016C2.395,6.623,2.2,8.001,2.2,8.001S2,9.62,2,11.238v1.517 c0,1.618,0.2,3.237,0.2,3.237s0.195,1.378,0.795,1.985c0.761,0.797,1.76,0.771,2.205,0.855c1.6,0.153,6.8,0.201,6.8,0.201 s4.203-0.006,7.001-0.209c0.391-0.047,1.243-0.051,2.004-0.847c0.6-0.607,0.795-1.985,0.795-1.985s0.2-1.618,0.2-3.237v-1.517 C22,9.62,21.8,8.001,21.8,8.001z M9.935,14.594l-0.001-5.62l5.404,2.82L9.935,14.594z\"><\/path><\/svg><span class=\"wp-block-social-link-label screen-reader-text\">YouTube<\/span><\/a><\/li><\/ul>\n<\/li><\/ul><\/nav><\/div>\n<\/div>\n<\/div>\n<\/div>\n<\/div>\n\n\n\n<div class=\"wp-block-group alignwide is-layout-flow wp-block-group-is-layout-flow\" style=\"padding-top:var(--wp--preset--spacing--50);padding-bottom:0\">\n<p class=\"has-contrast-2-color has-text-color has-link-color has-small-font-size wp-elements-fb1dc8a358d6c5ee50b4614eb09d35bb\">\n\t\tDesigned with <a href=\"https:\/\/wordpress.org\" rel=\"nofollow\">WordPress<\/a>\t\t<\/p>\n<\/div>\n<\/div>","protected":false},"excerpt":{"rendered":"<p>\u201cWhat if the moment that nearly ended your life\u2026 was the very moment that gave it new meaning?\u201d \ud83c\udf1f The Moment Has Arrived \u2013 Heart of Hope Is Here! \ud83c\udf1f I am beyond excited to share that my book, Heart of Hope, is now available for ordering! This powerful memoir is more than just a [&hellip;]<\/p>","protected":false},"author":1,"featured_media":0,"parent":0,"menu_order":0,"comment_status":"closed","ping_status":"closed","template":"","meta":{"_monsterinsights_skip_tracking":false,"_monsterinsights_sitenote_active":false,"_monsterinsights_sitenote_note":"","_monsterinsights_sitenote_category":0,"footnotes":""},"class_list":["post-105","page","type-page","status-publish","hentry"],"aioseo_notices":[],"_links":{"self":[{"href":"https:\/\/heartofhopepodcast.com\/pt\/wp-json\/wp\/v2\/pages\/105","targetHints":{"allow":["GET"]}}],"collection":[{"href":"https:\/\/heartofhopepodcast.com\/pt\/wp-json\/wp\/v2\/pages"}],"about":[{"href":"https:\/\/heartofhopepodcast.com\/pt\/wp-json\/wp\/v2\/types\/page"}],"author":[{"embeddable":true,"href":"https:\/\/heartofhopepodcast.com\/pt\/wp-json\/wp\/v2\/users\/1"}],"replies":[{"embeddable":true,"href":"https:\/\/heartofhopepodcast.com\/pt\/wp-json\/wp\/v2\/comments?post=105"}],"version-history":[{"count":9,"href":"https:\/\/heartofhopepodcast.com\/pt\/wp-json\/wp\/v2\/pages\/105\/revisions"}],"predecessor-version":[{"id":232,"href":"https:\/\/heartofhopepodcast.com\/pt\/wp-json\/wp\/v2\/pages\/105\/revisions\/232"}],"wp:attachment":[{"href":"https:\/\/heartofhopepodcast.com\/pt\/wp-json\/wp\/v2\/media?parent=105"}],"curies":[{"name":"wp","href":"https:\/\/api.w.org\/{rel}","templated":true}]}}